{"id":99,"date":"2024-07-23T11:42:24","date_gmt":"2024-07-23T14:42:24","guid":{"rendered":"https:\/\/fontelesadvocacia.adv.br\/?page_id=99"},"modified":"2024-07-23T11:52:05","modified_gmt":"2024-07-23T14:52:05","slug":"direito-tributario","status":"publish","type":"page","link":"https:\/\/fontelesadvocacia.adv.br\/?page_id=99","title":{"rendered":"Direito Tribut\u00e1rio"},"content":{"rendered":"\t\t<div data-elementor-type=\"wp-page\" data-elementor-id=\"99\" class=\"elementor elementor-99\" data-elementor-post-type=\"page\">\n\t\t\t\t\t\t<section class=\"elementor-section elementor-top-section elementor-element elementor-element-104f2e5 elementor-section-boxed elementor-section-height-default elementor-section-height-default\" data-id=\"104f2e5\" data-element_type=\"section\">\n\t\t\t\t\t\t<div class=\"elementor-container elementor-column-gap-default\">\n\t\t\t\t\t<div class=\"elementor-column elementor-col-50 elementor-top-column elementor-element elementor-element-13ca0d6\" data-id=\"13ca0d6\" data-element_type=\"column\">\n\t\t\t<div class=\"elementor-widget-wrap elementor-element-populated\">\n\t\t\t\t\t\t<div class=\"elementor-element elementor-element-5e55845 elementor-widget elementor-widget-image\" data-id=\"5e55845\" data-element_type=\"widget\" data-widget_type=\"image.default\">\n\t\t\t\t<div class=\"elementor-widget-container\">\n\t\t\t\t\t\t\t\t\t\t\t\t\t<img fetchpriority=\"high\" decoding=\"async\" width=\"500\" height=\"600\" src=\"https:\/\/fontelesadvocacia.adv.br\/wp-content\/uploads\/2024\/07\/Design-sem-nome-46.jpg\" class=\"attachment-large size-large wp-image-109\" alt=\"\" srcset=\"https:\/\/fontelesadvocacia.adv.br\/wp-content\/uploads\/2024\/07\/Design-sem-nome-46.jpg 500w, https:\/\/fontelesadvocacia.adv.br\/wp-content\/uploads\/2024\/07\/Design-sem-nome-46-250x300.jpg 250w\" sizes=\"(max-width: 500px) 100vw, 500px\" \/>\t\t\t\t\t\t\t\t\t\t\t\t\t<\/div>\n\t\t\t\t<\/div>\n\t\t\t\t\t<\/div>\n\t\t<\/div>\n\t\t\t\t<div class=\"elementor-column elementor-col-50 elementor-top-column elementor-element elementor-element-feedf9e\" data-id=\"feedf9e\" data-element_type=\"column\">\n\t\t\t<div class=\"elementor-widget-wrap elementor-element-populated\">\n\t\t\t\t\t\t<div class=\"elementor-element elementor-element-ec96958 elementor-widget elementor-widget-heading\" data-id=\"ec96958\" data-element_type=\"widget\" data-widget_type=\"heading.default\">\n\t\t\t\t<div class=\"elementor-widget-container\">\n\t\t\t<h2 class=\"elementor-heading-title elementor-size-default\">Direito Tribut\u00e1rio<\/h2>\t\t<\/div>\n\t\t\t\t<\/div>\n\t\t\t\t<div class=\"elementor-element elementor-element-9f5e912 elementor-widget elementor-widget-text-editor\" data-id=\"9f5e912\" data-element_type=\"widget\" data-widget_type=\"text-editor.default\">\n\t\t\t\t<div class=\"elementor-widget-container\">\n\t\t\t\t\t\t\t<p>No Escrit\u00f3rio de Advocacia Francisco Fonteles, reconhecemos a complexidade e a import\u00e2ncia do Direito Tribut\u00e1rio para empresas e indiv\u00edduos. Nossa equipe de advogados especializados est\u00e1 preparada para oferecer consultoria e representa\u00e7\u00e3o jur\u00eddica de alta qualidade, ajudando nossos clientes a navegar pelas intricadas normas tribut\u00e1rias e a otimizar suas obriga\u00e7\u00f5es fiscais.<\/p><p>No Escrit\u00f3rio de Advocacia Francisco Fonteles, nosso compromisso \u00e9 com a excel\u00eancia e a \u00e9tica na presta\u00e7\u00e3o de servi\u00e7os jur\u00eddicos. Trabalhamos com dedica\u00e7\u00e3o para garantir que nossos clientes estejam em conformidade com a legisla\u00e7\u00e3o tribut\u00e1ria e para minimizar sua carga tribut\u00e1ria de maneira legal e eficiente. Acreditamos que uma gest\u00e3o tribut\u00e1ria eficaz \u00e9 essencial para o sucesso e a sustentabilidade dos neg\u00f3cios.<\/p><p><strong>Atendimento Personalizado<\/strong><br \/>Cada caso tribut\u00e1rio \u00e9 \u00fanico e requer uma abordagem personalizada. Oferecemos atendimento dedicado, buscando compreender as necessidades espec\u00edficas de nossos clientes e proporcionar solu\u00e7\u00f5es jur\u00eddicas adequadas. Nossa equipe est\u00e1 sempre dispon\u00edvel para esclarecer d\u00favidas, oferecer orienta\u00e7\u00e3o e acompanhar cada etapa dos processos com aten\u00e7\u00e3o e cuidado.<\/p><p><br \/><br \/><\/p>\t\t\t\t\t\t<\/div>\n\t\t\t\t<\/div>\n\t\t\t\t\t<\/div>\n\t\t<\/div>\n\t\t\t\t\t<\/div>\n\t\t<\/section>\n\t\t\t\t<\/div>\n\t\t","protected":false},"excerpt":{"rendered":"<p>Direito Tribut\u00e1rio No Escrit\u00f3rio de Advocacia Francisco Fonteles, reconhecemos a complexidade e a import\u00e2ncia do Direito Tribut\u00e1rio para empresas e indiv\u00edduos. Nossa equipe de advogados especializados est\u00e1 preparada para oferecer consultoria e representa\u00e7\u00e3o jur\u00eddica de alta qualidade, ajudando nossos clientes a navegar pelas intricadas normas tribut\u00e1rias e a otimizar suas obriga\u00e7\u00f5es fiscais. No Escrit\u00f3rio de [&hellip;]<\/p>\n","protected":false},"author":1,"featured_media":0,"parent":0,"menu_order":0,"comment_status":"closed","ping_status":"closed","template":"","meta":{"footnotes":""},"class_list":["post-99","page","type-page","status-publish","hentry"],"_links":{"self":[{"href":"https:\/\/fontelesadvocacia.adv.br\/index.php?rest_route=\/wp\/v2\/pages\/99","targetHints":{"allow":["GET"]}}],"collection":[{"href":"https:\/\/fontelesadvocacia.adv.br\/index.php?rest_route=\/wp\/v2\/pages"}],"about":[{"href":"https:\/\/fontelesadvocacia.adv.br\/index.php?rest_route=\/wp\/v2\/types\/page"}],"author":[{"embeddable":true,"href":"https:\/\/fontelesadvocacia.adv.br\/index.php?rest_route=\/wp\/v2\/users\/1"}],"replies":[{"embeddable":true,"href":"https:\/\/fontelesadvocacia.adv.br\/index.php?rest_route=%2Fwp%2Fv2%2Fcomments&post=99"}],"version-history":[{"count":9,"href":"https:\/\/fontelesadvocacia.adv.br\/index.php?rest_route=\/wp\/v2\/pages\/99\/revisions"}],"predecessor-version":[{"id":113,"href":"https:\/\/fontelesadvocacia.adv.br\/index.php?rest_route=\/wp\/v2\/pages\/99\/revisions\/113"}],"wp:attachment":[{"href":"https:\/\/fontelesadvocacia.adv.br\/index.php?rest_route=%2Fwp%2Fv2%2Fmedia&parent=99"}],"curies":[{"name":"wp","href":"https:\/\/api.w.org\/{rel}","templated":true}]}}