{"id":92,"date":"2024-07-23T11:38:29","date_gmt":"2024-07-23T14:38:29","guid":{"rendered":"https:\/\/fontelesadvocacia.adv.br\/?page_id=92"},"modified":"2024-07-23T11:41:00","modified_gmt":"2024-07-23T14:41:00","slug":"direito-de-familia-e-sucessoes","status":"publish","type":"page","link":"https:\/\/fontelesadvocacia.adv.br\/?page_id=92","title":{"rendered":"Direito de Fam\u00edlia e Sucess\u00f5es"},"content":{"rendered":"\t\t<div data-elementor-type=\"wp-page\" data-elementor-id=\"92\" class=\"elementor elementor-92\" data-elementor-post-type=\"page\">\n\t\t\t\t\t\t<section class=\"elementor-section elementor-top-section elementor-element elementor-element-104f2e5 elementor-section-boxed elementor-section-height-default elementor-section-height-default\" data-id=\"104f2e5\" data-element_type=\"section\">\n\t\t\t\t\t\t<div class=\"elementor-container elementor-column-gap-default\">\n\t\t\t\t\t<div class=\"elementor-column elementor-col-50 elementor-top-column elementor-element elementor-element-13ca0d6\" data-id=\"13ca0d6\" data-element_type=\"column\">\n\t\t\t<div class=\"elementor-widget-wrap elementor-element-populated\">\n\t\t\t\t\t\t<div class=\"elementor-element elementor-element-5e55845 elementor-widget elementor-widget-image\" data-id=\"5e55845\" data-element_type=\"widget\" data-widget_type=\"image.default\">\n\t\t\t\t<div class=\"elementor-widget-container\">\n\t\t\t\t\t\t\t\t\t\t\t\t\t<img fetchpriority=\"high\" decoding=\"async\" width=\"500\" height=\"600\" src=\"https:\/\/fontelesadvocacia.adv.br\/wp-content\/uploads\/2024\/07\/Design-sem-nome-43.jpg\" class=\"attachment-large size-large wp-image-94\" alt=\"\" srcset=\"https:\/\/fontelesadvocacia.adv.br\/wp-content\/uploads\/2024\/07\/Design-sem-nome-43.jpg 500w, https:\/\/fontelesadvocacia.adv.br\/wp-content\/uploads\/2024\/07\/Design-sem-nome-43-250x300.jpg 250w\" sizes=\"(max-width: 500px) 100vw, 500px\" \/>\t\t\t\t\t\t\t\t\t\t\t\t\t<\/div>\n\t\t\t\t<\/div>\n\t\t\t\t\t<\/div>\n\t\t<\/div>\n\t\t\t\t<div class=\"elementor-column elementor-col-50 elementor-top-column elementor-element elementor-element-feedf9e\" data-id=\"feedf9e\" data-element_type=\"column\">\n\t\t\t<div class=\"elementor-widget-wrap elementor-element-populated\">\n\t\t\t\t\t\t<div class=\"elementor-element elementor-element-ec96958 elementor-widget elementor-widget-heading\" data-id=\"ec96958\" data-element_type=\"widget\" data-widget_type=\"heading.default\">\n\t\t\t\t<div class=\"elementor-widget-container\">\n\t\t\t<h2 class=\"elementor-heading-title elementor-size-default\">Direito de Fam\u00edlia e Sucess\u00f5es<\/h2>\t\t<\/div>\n\t\t\t\t<\/div>\n\t\t\t\t<div class=\"elementor-element elementor-element-9f5e912 elementor-widget elementor-widget-text-editor\" data-id=\"9f5e912\" data-element_type=\"widget\" data-widget_type=\"text-editor.default\">\n\t\t\t\t<div class=\"elementor-widget-container\">\n\t\t\t\t\t\t\t<p>No Escrit\u00f3rio de Advocacia Francisco Fonteles, entendemos que quest\u00f5es relacionadas ao Direito de Fam\u00edlia e Sucess\u00f5es s\u00e3o frequentemente carregadas de emo\u00e7\u00e3o e complexidade. Nossa equipe de advogados especializados est\u00e1 comprometida em fornecer um suporte jur\u00eddico sens\u00edvel e eficaz, ajudando nossos clientes a navegar por esses desafios com compreens\u00e3o e compet\u00eancia.<br \/><br \/>Entendemos que o planejamento sucess\u00f3rio \u00e9 fundamental para garantir a tranquilidade e a seguran\u00e7a patrimonial das futuras gera\u00e7\u00f5es. Nossa equipe est\u00e1 preparada para auxiliar na elabora\u00e7\u00e3o de estrat\u00e9gias sucess\u00f3rias que atendam \u00e0s expectativas e necessidades dos nossos clientes, prevenindo disputas e assegurando uma transi\u00e7\u00e3o de bens ordenada e eficiente.<br \/><br \/>Nosso compromisso com a \u00e9tica e a excel\u00eancia \u00e9 inabal\u00e1vel. Trabalhamos com transpar\u00eancia, integridade e dedica\u00e7\u00e3o para garantir que nossos clientes recebam a melhor assist\u00eancia jur\u00eddica poss\u00edvel. A confian\u00e7a depositada em nosso escrit\u00f3rio \u00e9 um reflexo do nosso profissionalismo e da qualidade dos nossos servi\u00e7os.<\/p>\t\t\t\t\t\t<\/div>\n\t\t\t\t<\/div>\n\t\t\t\t\t<\/div>\n\t\t<\/div>\n\t\t\t\t\t<\/div>\n\t\t<\/section>\n\t\t\t\t<\/div>\n\t\t","protected":false},"excerpt":{"rendered":"<p>Direito de Fam\u00edlia e Sucess\u00f5es No Escrit\u00f3rio de Advocacia Francisco Fonteles, entendemos que quest\u00f5es relacionadas ao Direito de Fam\u00edlia e Sucess\u00f5es s\u00e3o frequentemente carregadas de emo\u00e7\u00e3o e complexidade. Nossa equipe de advogados especializados est\u00e1 comprometida em fornecer um suporte jur\u00eddico sens\u00edvel e eficaz, ajudando nossos clientes a navegar por esses desafios com compreens\u00e3o e compet\u00eancia. [&hellip;]<\/p>\n","protected":false},"author":1,"featured_media":0,"parent":0,"menu_order":0,"comment_status":"closed","ping_status":"closed","template":"","meta":{"footnotes":""},"class_list":["post-92","page","type-page","status-publish","hentry"],"_links":{"self":[{"href":"https:\/\/fontelesadvocacia.adv.br\/index.php?rest_route=\/wp\/v2\/pages\/92","targetHints":{"allow":["GET"]}}],"collection":[{"href":"https:\/\/fontelesadvocacia.adv.br\/index.php?rest_route=\/wp\/v2\/pages"}],"about":[{"href":"https:\/\/fontelesadvocacia.adv.br\/index.php?rest_route=\/wp\/v2\/types\/page"}],"author":[{"embeddable":true,"href":"https:\/\/fontelesadvocacia.adv.br\/index.php?rest_route=\/wp\/v2\/users\/1"}],"replies":[{"embeddable":true,"href":"https:\/\/fontelesadvocacia.adv.br\/index.php?rest_route=%2Fwp%2Fv2%2Fcomments&post=92"}],"version-history":[{"count":4,"href":"https:\/\/fontelesadvocacia.adv.br\/index.php?rest_route=\/wp\/v2\/pages\/92\/revisions"}],"predecessor-version":[{"id":97,"href":"https:\/\/fontelesadvocacia.adv.br\/index.php?rest_route=\/wp\/v2\/pages\/92\/revisions\/97"}],"wp:attachment":[{"href":"https:\/\/fontelesadvocacia.adv.br\/index.php?rest_route=%2Fwp%2Fv2%2Fmedia&parent=92"}],"curies":[{"name":"wp","href":"https:\/\/api.w.org\/{rel}","templated":true}]}}