{"id":78,"date":"2024-07-23T11:29:15","date_gmt":"2024-07-23T14:29:15","guid":{"rendered":"https:\/\/fontelesadvocacia.adv.br\/?page_id=78"},"modified":"2024-07-23T11:30:11","modified_gmt":"2024-07-23T14:30:11","slug":"direito-do-consumidor","status":"publish","type":"page","link":"https:\/\/fontelesadvocacia.adv.br\/?page_id=78","title":{"rendered":"Direito do Consumidor"},"content":{"rendered":"\t\t<div data-elementor-type=\"wp-page\" data-elementor-id=\"78\" class=\"elementor elementor-78\" data-elementor-post-type=\"page\">\n\t\t\t\t\t\t<section class=\"elementor-section elementor-top-section elementor-element elementor-element-104f2e5 elementor-section-boxed elementor-section-height-default elementor-section-height-default\" data-id=\"104f2e5\" data-element_type=\"section\">\n\t\t\t\t\t\t<div class=\"elementor-container elementor-column-gap-default\">\n\t\t\t\t\t<div class=\"elementor-column elementor-col-50 elementor-top-column elementor-element elementor-element-13ca0d6\" data-id=\"13ca0d6\" data-element_type=\"column\">\n\t\t\t<div class=\"elementor-widget-wrap elementor-element-populated\">\n\t\t\t\t\t\t<div class=\"elementor-element elementor-element-5e55845 elementor-widget elementor-widget-image\" data-id=\"5e55845\" data-element_type=\"widget\" data-widget_type=\"image.default\">\n\t\t\t\t<div class=\"elementor-widget-container\">\n\t\t\t\t\t\t\t\t\t\t\t\t\t<img fetchpriority=\"high\" decoding=\"async\" width=\"500\" height=\"600\" src=\"https:\/\/fontelesadvocacia.adv.br\/wp-content\/uploads\/2024\/07\/Design-sem-nome-41.jpg\" class=\"attachment-large size-large wp-image-80\" alt=\"\" srcset=\"https:\/\/fontelesadvocacia.adv.br\/wp-content\/uploads\/2024\/07\/Design-sem-nome-41.jpg 500w, https:\/\/fontelesadvocacia.adv.br\/wp-content\/uploads\/2024\/07\/Design-sem-nome-41-250x300.jpg 250w\" sizes=\"(max-width: 500px) 100vw, 500px\" \/>\t\t\t\t\t\t\t\t\t\t\t\t\t<\/div>\n\t\t\t\t<\/div>\n\t\t\t\t\t<\/div>\n\t\t<\/div>\n\t\t\t\t<div class=\"elementor-column elementor-col-50 elementor-top-column elementor-element elementor-element-feedf9e\" data-id=\"feedf9e\" data-element_type=\"column\">\n\t\t\t<div class=\"elementor-widget-wrap elementor-element-populated\">\n\t\t\t\t\t\t<div class=\"elementor-element elementor-element-ec96958 elementor-widget elementor-widget-heading\" data-id=\"ec96958\" data-element_type=\"widget\" data-widget_type=\"heading.default\">\n\t\t\t\t<div class=\"elementor-widget-container\">\n\t\t\t<h2 class=\"elementor-heading-title elementor-size-default\">Direito do Consumidor<\/h2>\t\t<\/div>\n\t\t\t\t<\/div>\n\t\t\t\t<div class=\"elementor-element elementor-element-9f5e912 elementor-widget elementor-widget-text-editor\" data-id=\"9f5e912\" data-element_type=\"widget\" data-widget_type=\"text-editor.default\">\n\t\t\t\t<div class=\"elementor-widget-container\">\n\t\t\t\t\t\t\t<p>No Escrit\u00f3rio de Advocacia Francisco Fonteles, reconhecemos a import\u00e2ncia de proteger os direitos dos consumidores e garantir que suas intera\u00e7\u00f5es com fornecedores sejam justas e transparentes. Nossa equipe especializada em Direito do Consumidor est\u00e1 preparada para oferecer consultoria e representa\u00e7\u00e3o jur\u00eddica de alta qualidade, ajudando tanto consumidores quanto empresas a navegarem pelas complexidades das leis de prote\u00e7\u00e3o ao consumidor.<br \/><br \/>No Escrit\u00f3rio de Advocacia Francisco Fonteles, nosso compromisso \u00e9 com a justi\u00e7a e a transpar\u00eancia nas rela\u00e7\u00f5es de consumo. Trabalhamos para garantir que os direitos dos consumidores sejam respeitados e que as empresas adotem pr\u00e1ticas justas e \u00e9ticas. Acreditamos que um mercado justo e equilibrado beneficia tanto consumidores quanto fornecedores, promovendo a confian\u00e7a e a satisfa\u00e7\u00e3o m\u00fatua.<br \/><br \/>Entendemos que cada caso de consumo \u00e9 \u00fanico e merece uma abordagem personalizada. Oferecemos atendimento dedicado e individualizado, buscando compreender as necessidades espec\u00edficas de nossos clientes e proporcionar solu\u00e7\u00f5es jur\u00eddicas sob medida. Nossa equipe est\u00e1 dispon\u00edvel para esclarecer d\u00favidas, oferecer orienta\u00e7\u00e3o e acompanhar cada etapa do processo com dedica\u00e7\u00e3o e profissionalismo.<\/p>\t\t\t\t\t\t<\/div>\n\t\t\t\t<\/div>\n\t\t\t\t\t<\/div>\n\t\t<\/div>\n\t\t\t\t\t<\/div>\n\t\t<\/section>\n\t\t\t\t<\/div>\n\t\t","protected":false},"excerpt":{"rendered":"<p>Direito do Consumidor No Escrit\u00f3rio de Advocacia Francisco Fonteles, reconhecemos a import\u00e2ncia de proteger os direitos dos consumidores e garantir que suas intera\u00e7\u00f5es com fornecedores sejam justas e transparentes. Nossa equipe especializada em Direito do Consumidor est\u00e1 preparada para oferecer consultoria e representa\u00e7\u00e3o jur\u00eddica de alta qualidade, ajudando tanto consumidores quanto empresas a navegarem pelas [&hellip;]<\/p>\n","protected":false},"author":1,"featured_media":0,"parent":0,"menu_order":0,"comment_status":"closed","ping_status":"closed","template":"","meta":{"footnotes":""},"class_list":["post-78","page","type-page","status-publish","hentry"],"_links":{"self":[{"href":"https:\/\/fontelesadvocacia.adv.br\/index.php?rest_route=\/wp\/v2\/pages\/78","targetHints":{"allow":["GET"]}}],"collection":[{"href":"https:\/\/fontelesadvocacia.adv.br\/index.php?rest_route=\/wp\/v2\/pages"}],"about":[{"href":"https:\/\/fontelesadvocacia.adv.br\/index.php?rest_route=\/wp\/v2\/types\/page"}],"author":[{"embeddable":true,"href":"https:\/\/fontelesadvocacia.adv.br\/index.php?rest_route=\/wp\/v2\/users\/1"}],"replies":[{"embeddable":true,"href":"https:\/\/fontelesadvocacia.adv.br\/index.php?rest_route=%2Fwp%2Fv2%2Fcomments&post=78"}],"version-history":[{"count":4,"href":"https:\/\/fontelesadvocacia.adv.br\/index.php?rest_route=\/wp\/v2\/pages\/78\/revisions"}],"predecessor-version":[{"id":83,"href":"https:\/\/fontelesadvocacia.adv.br\/index.php?rest_route=\/wp\/v2\/pages\/78\/revisions\/83"}],"wp:attachment":[{"href":"https:\/\/fontelesadvocacia.adv.br\/index.php?rest_route=%2Fwp%2Fv2%2Fmedia&parent=78"}],"curies":[{"name":"wp","href":"https:\/\/api.w.org\/{rel}","templated":true}]}}