{"id":63,"date":"2024-07-23T11:21:36","date_gmt":"2024-07-23T14:21:36","guid":{"rendered":"https:\/\/fontelesadvocacia.adv.br\/?page_id=63"},"modified":"2024-07-23T11:24:15","modified_gmt":"2024-07-23T14:24:15","slug":"direito-ambiental","status":"publish","type":"page","link":"https:\/\/fontelesadvocacia.adv.br\/?page_id=63","title":{"rendered":"Direito Ambiental"},"content":{"rendered":"\t\t<div data-elementor-type=\"wp-page\" data-elementor-id=\"63\" class=\"elementor elementor-63\" data-elementor-post-type=\"page\">\n\t\t\t\t\t\t<section class=\"elementor-section elementor-top-section elementor-element elementor-element-104f2e5 elementor-section-boxed elementor-section-height-default elementor-section-height-default\" data-id=\"104f2e5\" data-element_type=\"section\">\n\t\t\t\t\t\t<div class=\"elementor-container elementor-column-gap-default\">\n\t\t\t\t\t<div class=\"elementor-column elementor-col-50 elementor-top-column elementor-element elementor-element-13ca0d6\" data-id=\"13ca0d6\" data-element_type=\"column\">\n\t\t\t<div class=\"elementor-widget-wrap elementor-element-populated\">\n\t\t\t\t\t\t<div class=\"elementor-element elementor-element-5e55845 elementor-widget elementor-widget-image\" data-id=\"5e55845\" data-element_type=\"widget\" data-widget_type=\"image.default\">\n\t\t\t\t<div class=\"elementor-widget-container\">\n\t\t\t\t\t\t\t\t\t\t\t\t\t<img fetchpriority=\"high\" decoding=\"async\" width=\"500\" height=\"600\" src=\"https:\/\/fontelesadvocacia.adv.br\/wp-content\/uploads\/2024\/07\/Design-sem-nome-40.jpg\" class=\"attachment-large size-large wp-image-73\" alt=\"\" srcset=\"https:\/\/fontelesadvocacia.adv.br\/wp-content\/uploads\/2024\/07\/Design-sem-nome-40.jpg 500w, https:\/\/fontelesadvocacia.adv.br\/wp-content\/uploads\/2024\/07\/Design-sem-nome-40-250x300.jpg 250w\" sizes=\"(max-width: 500px) 100vw, 500px\" \/>\t\t\t\t\t\t\t\t\t\t\t\t\t<\/div>\n\t\t\t\t<\/div>\n\t\t\t\t\t<\/div>\n\t\t<\/div>\n\t\t\t\t<div class=\"elementor-column elementor-col-50 elementor-top-column elementor-element elementor-element-feedf9e\" data-id=\"feedf9e\" data-element_type=\"column\">\n\t\t\t<div class=\"elementor-widget-wrap elementor-element-populated\">\n\t\t\t\t\t\t<div class=\"elementor-element elementor-element-ec96958 elementor-widget elementor-widget-heading\" data-id=\"ec96958\" data-element_type=\"widget\" data-widget_type=\"heading.default\">\n\t\t\t\t<div class=\"elementor-widget-container\">\n\t\t\t<h2 class=\"elementor-heading-title elementor-size-default\">Direito Ambiental<\/h2>\t\t<\/div>\n\t\t\t\t<\/div>\n\t\t\t\t<div class=\"elementor-element elementor-element-9f5e912 elementor-widget elementor-widget-text-editor\" data-id=\"9f5e912\" data-element_type=\"widget\" data-widget_type=\"text-editor.default\">\n\t\t\t\t<div class=\"elementor-widget-container\">\n\t\t\t\t\t\t\t<p>No Escrit\u00f3rio de Advocacia Francisco Fonteles, entendemos que o Direito Ambiental \u00e9 uma \u00e1rea crucial para a preserva\u00e7\u00e3o do meio ambiente e a promo\u00e7\u00e3o de um desenvolvimento sustent\u00e1vel. Nossa equipe de advogados especializados em Direito Ambiental est\u00e1 preparada para fornecer consultoria e representa\u00e7\u00e3o legal de alta qualidade, atendendo tanto a empresas quanto a indiv\u00edduos que buscam garantir o cumprimento das normas ambientais e a prote\u00e7\u00e3o dos recursos naturais.<br \/><br \/>No Escrit\u00f3rio de Advocacia Francisco Fonteles, acreditamos que a preven\u00e7\u00e3o \u00e9 a melhor estrat\u00e9gia para evitar problemas ambientais e jur\u00eddicos. Por isso, trabalhamos de forma proativa para ajudar nossos clientes a identificar e mitigar riscos ambientais antes que se tornem problemas legais. Nossa abordagem preventiva inclui a capacita\u00e7\u00e3o de equipes, a implementa\u00e7\u00e3o de pol\u00edticas ambientais eficazes e o monitoramento cont\u00ednuo das atividades para garantir a conformidade com as leis e regulamentos ambientais.<br \/><br \/>Se voc\u00ea precisa de assist\u00eancia em quest\u00f5es relacionadas ao Direito Ambiental ou deseja saber mais sobre nossos servi\u00e7os, entre em contato conosco. Nossa equipe est\u00e1 pronta para oferecer o suporte necess\u00e1rio e garantir que suas atividades sejam conduzidas de maneira sustent\u00e1vel e em conformidade com a legisla\u00e7\u00e3o ambiental.<\/p>\t\t\t\t\t\t<\/div>\n\t\t\t\t<\/div>\n\t\t\t\t\t<\/div>\n\t\t<\/div>\n\t\t\t\t\t<\/div>\n\t\t<\/section>\n\t\t\t\t<\/div>\n\t\t","protected":false},"excerpt":{"rendered":"<p>Direito Ambiental No Escrit\u00f3rio de Advocacia Francisco Fonteles, entendemos que o Direito Ambiental \u00e9 uma \u00e1rea crucial para a preserva\u00e7\u00e3o do meio ambiente e a promo\u00e7\u00e3o de um desenvolvimento sustent\u00e1vel. Nossa equipe de advogados especializados em Direito Ambiental est\u00e1 preparada para fornecer consultoria e representa\u00e7\u00e3o legal de alta qualidade, atendendo tanto a empresas quanto a [&hellip;]<\/p>\n","protected":false},"author":1,"featured_media":0,"parent":0,"menu_order":0,"comment_status":"closed","ping_status":"closed","template":"","meta":{"footnotes":""},"class_list":["post-63","page","type-page","status-publish","hentry"],"_links":{"self":[{"href":"https:\/\/fontelesadvocacia.adv.br\/index.php?rest_route=\/wp\/v2\/pages\/63","targetHints":{"allow":["GET"]}}],"collection":[{"href":"https:\/\/fontelesadvocacia.adv.br\/index.php?rest_route=\/wp\/v2\/pages"}],"about":[{"href":"https:\/\/fontelesadvocacia.adv.br\/index.php?rest_route=\/wp\/v2\/types\/page"}],"author":[{"embeddable":true,"href":"https:\/\/fontelesadvocacia.adv.br\/index.php?rest_route=\/wp\/v2\/users\/1"}],"replies":[{"embeddable":true,"href":"https:\/\/fontelesadvocacia.adv.br\/index.php?rest_route=%2Fwp%2Fv2%2Fcomments&post=63"}],"version-history":[{"count":4,"href":"https:\/\/fontelesadvocacia.adv.br\/index.php?rest_route=\/wp\/v2\/pages\/63\/revisions"}],"predecessor-version":[{"id":76,"href":"https:\/\/fontelesadvocacia.adv.br\/index.php?rest_route=\/wp\/v2\/pages\/63\/revisions\/76"}],"wp:attachment":[{"href":"https:\/\/fontelesadvocacia.adv.br\/index.php?rest_route=%2Fwp%2Fv2%2Fmedia&parent=63"}],"curies":[{"name":"wp","href":"https:\/\/api.w.org\/{rel}","templated":true}]}}