{"id":13,"date":"2024-07-23T10:33:07","date_gmt":"2024-07-23T13:33:07","guid":{"rendered":"https:\/\/fontelesadvocacia.adv.br\/?page_id=13"},"modified":"2024-07-23T11:15:29","modified_gmt":"2024-07-23T14:15:29","slug":"o-escritorio","status":"publish","type":"page","link":"https:\/\/fontelesadvocacia.adv.br\/?page_id=13","title":{"rendered":"O Escrit\u00f3rio"},"content":{"rendered":"\t\t<div data-elementor-type=\"wp-page\" data-elementor-id=\"13\" class=\"elementor elementor-13\" data-elementor-post-type=\"page\">\n\t\t\t\t\t\t<section class=\"elementor-section elementor-top-section elementor-element elementor-element-104f2e5 elementor-section-boxed elementor-section-height-default elementor-section-height-default\" data-id=\"104f2e5\" data-element_type=\"section\">\n\t\t\t\t\t\t<div class=\"elementor-container elementor-column-gap-default\">\n\t\t\t\t\t<div class=\"elementor-column elementor-col-50 elementor-top-column elementor-element elementor-element-13ca0d6\" data-id=\"13ca0d6\" data-element_type=\"column\">\n\t\t\t<div class=\"elementor-widget-wrap elementor-element-populated\">\n\t\t\t\t\t\t<div class=\"elementor-element elementor-element-5e55845 elementor-widget elementor-widget-image\" data-id=\"5e55845\" data-element_type=\"widget\" data-widget_type=\"image.default\">\n\t\t\t\t<div class=\"elementor-widget-container\">\n\t\t\t\t\t\t\t\t\t\t\t\t\t<img fetchpriority=\"high\" decoding=\"async\" width=\"500\" height=\"600\" src=\"https:\/\/fontelesadvocacia.adv.br\/wp-content\/uploads\/2024\/07\/Design-sem-nome-39.jpg\" class=\"attachment-large size-large wp-image-58\" alt=\"\" srcset=\"https:\/\/fontelesadvocacia.adv.br\/wp-content\/uploads\/2024\/07\/Design-sem-nome-39.jpg 500w, https:\/\/fontelesadvocacia.adv.br\/wp-content\/uploads\/2024\/07\/Design-sem-nome-39-250x300.jpg 250w\" sizes=\"(max-width: 500px) 100vw, 500px\" \/>\t\t\t\t\t\t\t\t\t\t\t\t\t<\/div>\n\t\t\t\t<\/div>\n\t\t\t\t\t<\/div>\n\t\t<\/div>\n\t\t\t\t<div class=\"elementor-column elementor-col-50 elementor-top-column elementor-element elementor-element-feedf9e\" data-id=\"feedf9e\" data-element_type=\"column\">\n\t\t\t<div class=\"elementor-widget-wrap elementor-element-populated\">\n\t\t\t\t\t\t<div class=\"elementor-element elementor-element-ec96958 elementor-widget elementor-widget-heading\" data-id=\"ec96958\" data-element_type=\"widget\" data-widget_type=\"heading.default\">\n\t\t\t\t<div class=\"elementor-widget-container\">\n\t\t\t<h2 class=\"elementor-heading-title elementor-size-default\">O  Escrit\u00f3rio<\/h2>\t\t<\/div>\n\t\t\t\t<\/div>\n\t\t\t\t<div class=\"elementor-element elementor-element-9f5e912 elementor-widget elementor-widget-text-editor\" data-id=\"9f5e912\" data-element_type=\"widget\" data-widget_type=\"text-editor.default\">\n\t\t\t\t<div class=\"elementor-widget-container\">\n\t\t\t\t\t\t\t<p>O Escrit\u00f3rio de Advocacia Francisco Fonteles \u00e9 um pilar de excel\u00eancia jur\u00eddica, amplamente reconhecido por sua atua\u00e7\u00e3o destacada e compromisso inabal\u00e1vel com a justi\u00e7a.<br \/><br \/>Com o registro na OAB\/CE sob o n\u00famero 1252, nossa equipe multidisciplinar \u00e9 composta por profissionais altamente qualificados, que est\u00e3o em constante atualiza\u00e7\u00e3o atrav\u00e9s de congressos e eventos jur\u00eddicos de prest\u00edgio.<\/p>\t\t\t\t\t\t<\/div>\n\t\t\t\t<\/div>\n\t\t\t\t<div class=\"elementor-element elementor-element-d668a7a elementor-widget elementor-widget-heading\" data-id=\"d668a7a\" data-element_type=\"widget\" data-widget_type=\"heading.default\">\n\t\t\t\t<div class=\"elementor-widget-container\">\n\t\t\t<h2 class=\"elementor-heading-title elementor-size-default\">Compromisso<\/h2>\t\t<\/div>\n\t\t\t\t<\/div>\n\t\t\t\t<div class=\"elementor-element elementor-element-c3c69e5 elementor-widget elementor-widget-text-editor\" data-id=\"c3c69e5\" data-element_type=\"widget\" data-widget_type=\"text-editor.default\">\n\t\t\t\t<div class=\"elementor-widget-container\">\n\t\t\t\t\t\t\t<p>Nosso compromisso com a qualidade se reflete na forma\u00e7\u00e3o cont\u00ednua de nossos profissionais e no rigor com que abordamos cada caso. A equipe do Escrit\u00f3rio de Advocacia Francisco Fonteles est\u00e1 sempre pronta para enfrentar os desafios mais complexos e fornecer assessoria jur\u00eddica de ponta.<\/p>\t\t\t\t\t\t<\/div>\n\t\t\t\t<\/div>\n\t\t\t\t<div class=\"elementor-element elementor-element-9bc4acc elementor-widget elementor-widget-heading\" data-id=\"9bc4acc\" data-element_type=\"widget\" data-widget_type=\"heading.default\">\n\t\t\t\t<div class=\"elementor-widget-container\">\n\t\t\t<h2 class=\"elementor-heading-title elementor-size-default\">Equipe<\/h2>\t\t<\/div>\n\t\t\t\t<\/div>\n\t\t\t\t<div class=\"elementor-element elementor-element-69ef66d elementor-widget elementor-widget-text-editor\" data-id=\"69ef66d\" data-element_type=\"widget\" data-widget_type=\"text-editor.default\">\n\t\t\t\t<div class=\"elementor-widget-container\">\n\t\t\t\t\t\t\t<p>O diferencial do Escrit\u00f3rio de Advocacia Francisco Fonteles est\u00e1 na composi\u00e7\u00e3o de sua equipe. Formada por advogados especializados em diversas \u00e1reas do Direito, nossa equipe trabalha de forma integrada.<\/p>\t\t\t\t\t\t<\/div>\n\t\t\t\t<\/div>\n\t\t\t\t\t<\/div>\n\t\t<\/div>\n\t\t\t\t\t<\/div>\n\t\t<\/section>\n\t\t\t\t<\/div>\n\t\t","protected":false},"excerpt":{"rendered":"<p>O Escrit\u00f3rio O Escrit\u00f3rio de Advocacia Francisco Fonteles \u00e9 um pilar de excel\u00eancia jur\u00eddica, amplamente reconhecido por sua atua\u00e7\u00e3o destacada e compromisso inabal\u00e1vel com a justi\u00e7a. Com o registro na OAB\/CE sob o n\u00famero 1252, nossa equipe multidisciplinar \u00e9 composta por profissionais altamente qualificados, que est\u00e3o em constante atualiza\u00e7\u00e3o atrav\u00e9s de congressos e eventos jur\u00eddicos [&hellip;]<\/p>\n","protected":false},"author":1,"featured_media":0,"parent":0,"menu_order":0,"comment_status":"closed","ping_status":"closed","template":"","meta":{"footnotes":""},"class_list":["post-13","page","type-page","status-publish","hentry"],"_links":{"self":[{"href":"https:\/\/fontelesadvocacia.adv.br\/index.php?rest_route=\/wp\/v2\/pages\/13","targetHints":{"allow":["GET"]}}],"collection":[{"href":"https:\/\/fontelesadvocacia.adv.br\/index.php?rest_route=\/wp\/v2\/pages"}],"about":[{"href":"https:\/\/fontelesadvocacia.adv.br\/index.php?rest_route=\/wp\/v2\/types\/page"}],"author":[{"embeddable":true,"href":"https:\/\/fontelesadvocacia.adv.br\/index.php?rest_route=\/wp\/v2\/users\/1"}],"replies":[{"embeddable":true,"href":"https:\/\/fontelesadvocacia.adv.br\/index.php?rest_route=%2Fwp%2Fv2%2Fcomments&post=13"}],"version-history":[{"count":5,"href":"https:\/\/fontelesadvocacia.adv.br\/index.php?rest_route=\/wp\/v2\/pages\/13\/revisions"}],"predecessor-version":[{"id":61,"href":"https:\/\/fontelesadvocacia.adv.br\/index.php?rest_route=\/wp\/v2\/pages\/13\/revisions\/61"}],"wp:attachment":[{"href":"https:\/\/fontelesadvocacia.adv.br\/index.php?rest_route=%2Fwp%2Fv2%2Fmedia&parent=13"}],"curies":[{"name":"wp","href":"https:\/\/api.w.org\/{rel}","templated":true}]}}